{"id":2370,"date":"2017-01-17T04:32:58","date_gmt":"2017-01-17T01:32:58","guid":{"rendered":"https:\/\/www.inglobe.org\/inglobe2\/?page_id=2370"},"modified":"2018-02-09T00:47:11","modified_gmt":"2018-02-08T21:47:11","slug":"iletisim","status":"publish","type":"page","link":"https:\/\/www.inglobe.org\/inglobe2\/tr\/iletisim\/","title":{"rendered":"\u0130LET\u0130\u015e\u0130M"},"content":{"rendered":"<div id=\"fb-root\"><\/div>\n","protected":false},"excerpt":{"rendered":"","protected":false},"author":1,"featured_media":0,"parent":0,"menu_order":0,"comment_status":"open","ping_status":"open","template":"","meta":[],"_links":{"self":[{"href":"https:\/\/www.inglobe.org\/inglobe2\/tr\/wp-json\/wp\/v2\/pages\/2370"}],"collection":[{"href":"https:\/\/www.inglobe.org\/inglobe2\/tr\/wp-json\/wp\/v2\/pages"}],"about":[{"href":"https:\/\/www.inglobe.org\/inglobe2\/tr\/wp-json\/wp\/v2\/types\/page"}],"author":[{"embeddable":true,"href":"https:\/\/www.inglobe.org\/inglobe2\/tr\/wp-json\/wp\/v2\/users\/1"}],"replies":[{"embeddable":true,"href":"https:\/\/www.inglobe.org\/inglobe2\/tr\/wp-json\/wp\/v2\/comments?post=2370"}],"version-history":[{"count":1,"href":"https:\/\/www.inglobe.org\/inglobe2\/tr\/wp-json\/wp\/v2\/pages\/2370\/revisions"}],"predecessor-version":[{"id":2377,"href":"https:\/\/www.inglobe.org\/inglobe2\/tr\/wp-json\/wp\/v2\/pages\/2370\/revisions\/2377"}],"wp:attachment":[{"href":"https:\/\/www.inglobe.org\/inglobe2\/tr\/wp-json\/wp\/v2\/media?parent=2370"}],"curies":[{"name":"wp","href":"https:\/\/api.w.org\/{rel}","templated":true}]}}